{"id":14,"date":"2016-11-22T17:09:32","date_gmt":"2016-11-22T16:09:32","guid":{"rendered":"https:\/\/www.ipcic.il.pw.edu.pl\/?page_id=14"},"modified":"2021-11-15T14:50:13","modified_gmt":"2021-11-15T13:50:13","slug":"o-projekcie","status":"publish","type":"page","link":"https:\/\/www.ipcic.il.pw.edu.pl\/index.php\/pl\/o-projekcie\/","title":{"rendered":"O projekcie"},"content":{"rendered":"<h3>Rezultaty<\/h3>\n<p><span class=\"tojvnm2t a6sixzi8 abs2jz4q a8s20v7p t1p8iaqh k5wvi7nf q3lfd5jv pk4s997a bipmatt0 cebpdrjk qowsmv63 owwhemhu dp1hu0rb dhp61c6y iyyx5f41\">Wszystkie rezultaty pracy intelektualnej projektu mo\u017cna pobra\u0107 w <a href=\"https:\/\/www.ipcic.il.pw.edu.pl\/index.php\/pl\/do-pobrania\/\">zak\u0142adce Rezultaty.<\/a><\/span><\/p>\n<p><a href=\"https:\/\/www.ipcic.il.pw.edu.pl\/index.php\/pl\/do-pobrania\/\"><img loading=\"lazy\" decoding=\"async\" class=\"alignnone size-full wp-image-1930\" src=\"https:\/\/www.ipcic.il.pw.edu.pl\/wp-content\/uploads\/2021\/11\/Manuals.png\" alt=\"\" width=\"774\" height=\"558\" srcset=\"https:\/\/www.ipcic.il.pw.edu.pl\/wp-content\/uploads\/2021\/11\/Manuals.png 774w, https:\/\/www.ipcic.il.pw.edu.pl\/wp-content\/uploads\/2021\/11\/Manuals-300x216.png 300w, https:\/\/www.ipcic.il.pw.edu.pl\/wp-content\/uploads\/2021\/11\/Manuals-768x554.png 768w\" sizes=\"auto, (max-width: 774px) 100vw, 774px\" \/><\/a><\/p>\n<p>&nbsp;<\/p>\n<h3>Kana\u0142 Youtube<\/h3>\n<p><span class=\"tojvnm2t a6sixzi8 abs2jz4q a8s20v7p t1p8iaqh k5wvi7nf q3lfd5jv pk4s997a bipmatt0 cebpdrjk qowsmv63 owwhemhu dp1hu0rb dhp61c6y iyyx5f41\"> Prosz\u0119 r\u00f3wnie\u017c pami\u0119ta\u0107 o odwiedzeniu, polubieniu i zasubskrybowaniu naszego kana\u0142u na platformie&nbsp; <a href=\"https:\/\/www.youtube.com\/channel\/UC7AKzEeJ5I06ksNcVc_wIDA\/featured\" target=\"_blank\" rel=\"noopener\">YouTube &#8211; &#8220;IPCIC Project&#8221;.<\/a><\/span><\/p>\n<p><a href=\"https:\/\/www.youtube.com\/channel\/UC7AKzEeJ5I06ksNcVc_wIDA\/featured\"><img loading=\"lazy\" decoding=\"async\" class=\"alignnone size-large wp-image-1935\" src=\"https:\/\/www.ipcic.il.pw.edu.pl\/wp-content\/uploads\/2021\/11\/movpl-1024x660.png\" alt=\"\" width=\"604\" height=\"389\" srcset=\"https:\/\/www.ipcic.il.pw.edu.pl\/wp-content\/uploads\/2021\/11\/movpl-1024x660.png 1024w, https:\/\/www.ipcic.il.pw.edu.pl\/wp-content\/uploads\/2021\/11\/movpl-300x193.png 300w, https:\/\/www.ipcic.il.pw.edu.pl\/wp-content\/uploads\/2021\/11\/movpl-768x495.png 768w, https:\/\/www.ipcic.il.pw.edu.pl\/wp-content\/uploads\/2021\/11\/movpl.png 1307w\" sizes=\"auto, (max-width: 604px) 100vw, 604px\" \/><\/a><\/p>\n<p>&nbsp;<\/p>\n<h3>Informacje o projekcie<\/h3>\n<p>Celem projektu by\u0142o szkolenie uczni\u00f3w oraz robotnik\u00f3w niewykwalifikowanych w zawodach budowlanych w zakresie wykonywania rob\u00f3t wyko\u0144czeniowych. Lista tych zawod\u00f3w zosta\u0142a wy\u0142oniona poprzez analizy potrzeb firm budowlanych w Polsce i Unii Europejskiej. Analizy te przeprowadzi\u0142o Polskie Stowarzyszenie Mened\u017cer\u00f3w Budownictwa wraz z organizacjami europejskimi stowarzyszonymi (AEEBC \u2013 The Associaction of Building Experts In Construction). Szkolenie w tych wybranych zawodach budowlanych zosta\u0142o oparte na opracowanych w projekcie innowacyjnych materia\u0142ach dydaktycznych wspomaganych filmami instrukta\u017cowymi z uwzgl\u0119dnieniem przestrzegania warunk\u00f3w BHP przy wykonywaniu rob\u00f3t oraz odpowiednich materia\u0142\u00f3w dydaktycznych dla nauczycieli zawod\u00f3w.<\/p>\n<p>Materia\u0142y dydaktyczne opracowane w projekcie pozwalaj\u0105 na modernizacj\u0119 metod nauczania lub wprowadzanie nowych przedmiot\u00f3w w istniej\u0105cych szko\u0142ach zawodowych oraz w centrach kszta\u0142cenia zawodowego i ustawicznego.<\/p>\n<p>Projekt spe\u0142nia oczekiwania przemys\u0142u budowlanego w Polsce i UE w zakresie kszta\u0142cenia zawodowego w obszarze wykonywania rob\u00f3t wyko\u0144czeniowych. W projekcie zosta\u0142y opracowane nowoczesne metody kszta\u0142cenia w zakresie:<\/p>\n<ul>\n<li>Wykonywania rob\u00f3t monta\u017cowych zabudowy<\/li>\n<li>Wykonywania rob\u00f3t wyko\u0144czeniowych w zakresie uk\u0142adania p\u0142ytek ceramicznych i kamiennych<\/li>\n<li>Wykonywania rob\u00f3t zwi\u0105zanych z budowa i monta\u017cem oraz eksploatacj\u0105 instalacji sanitarnych.<\/li>\n<\/ul>\n<p>Do procesu dydaktycznego zosta\u0142y opracowane podr\u0119czniki wraz z odpowiednimi materia\u0142ami filmowymi ze szczeg\u00f3lnym uwzgl\u0119dnieniem przestrzegania warunk\u00f3w BHP. Zwr\u00f3cona tez zosta\u0142a uwaga na podkre\u015blenie etosu pracy robotnika budowlanego w celu zach\u0119cenie uczni\u00f3w szk\u00f3\u0142 zawodowych, niewykwalifikowanych robotnik\u00f3w budowlanych i innych, do podejmowania pracy w budownictwie.<\/p>\n<p>Tak skonstruowany projekt ma pom\u00f3c w rozwoju zawodowym pracownik\u00f3w budowlanych oraz uzupe\u0142ni\u0107 niedobory wykwalifikowanych robotnik\u00f3w w firmach budowlanych. Dost\u0119pno\u015b\u0107 wykwalifikowanych robotnik\u00f3w w najbardziej poszukiwanych zawodach umo\u017cliwi firmom budowlanym wype\u0142nienie zada\u0144 spo\u0142ecznych w zakresie rozwoju sektora budowlanego a wi\u0119c i m.st. Warszawy.<\/p>\n","protected":false},"excerpt":{"rendered":"<p>Rezultaty Wszystkie rezultaty pracy intelektualnej projektu mo\u017cna pobra\u0107 w zak\u0142adce Rezultaty. &nbsp; Kana\u0142 Youtube Prosz\u0119 r\u00f3wnie\u017c pami\u0119ta\u0107 o odwiedzeniu, polubieniu i zasubskrybowaniu naszego kana\u0142u na platformie&nbsp; YouTube &#8211; &#8220;IPCIC Project&#8221;. &nbsp; Informacje o projekcie Celem projektu by\u0142o szkolenie uczni\u00f3w oraz robotnik\u00f3w niewykwalifikowanych w zawodach budowlanych w zakresie wykonywania rob\u00f3t wyko\u0144czeniowych. Lista tych zawod\u00f3w zosta\u0142a wy\u0142oniona &hellip; <a href=\"https:\/\/www.ipcic.il.pw.edu.pl\/index.php\/pl\/o-projekcie\/\" class=\"more-link\">Continue reading <span class=\"screen-reader-text\">O projekcie<\/span> <span class=\"meta-nav\">&rarr;<\/span><\/a><\/p>\n","protected":false},"author":1,"featured_media":0,"parent":0,"menu_order":0,"comment_status":"closed","ping_status":"closed","template":"","meta":{"ngg_post_thumbnail":0,"footnotes":""},"class_list":["post-14","page","type-page","status-publish","hentry"],"_links":{"self":[{"href":"https:\/\/www.ipcic.il.pw.edu.pl\/index.php\/wp-json\/wp\/v2\/pages\/14","targetHints":{"allow":["GET"]}}],"collection":[{"href":"https:\/\/www.ipcic.il.pw.edu.pl\/index.php\/wp-json\/wp\/v2\/pages"}],"about":[{"href":"https:\/\/www.ipcic.il.pw.edu.pl\/index.php\/wp-json\/wp\/v2\/types\/page"}],"author":[{"embeddable":true,"href":"https:\/\/www.ipcic.il.pw.edu.pl\/index.php\/wp-json\/wp\/v2\/users\/1"}],"replies":[{"embeddable":true,"href":"https:\/\/www.ipcic.il.pw.edu.pl\/index.php\/wp-json\/wp\/v2\/comments?post=14"}],"version-history":[{"count":16,"href":"https:\/\/www.ipcic.il.pw.edu.pl\/index.php\/wp-json\/wp\/v2\/pages\/14\/revisions"}],"predecessor-version":[{"id":1937,"href":"https:\/\/www.ipcic.il.pw.edu.pl\/index.php\/wp-json\/wp\/v2\/pages\/14\/revisions\/1937"}],"wp:attachment":[{"href":"https:\/\/www.ipcic.il.pw.edu.pl\/index.php\/wp-json\/wp\/v2\/media?parent=14"}],"curies":[{"name":"wp","href":"https:\/\/api.w.org\/{rel}","templated":true}]}}