{"id":1689,"date":"2021-10-04T16:21:52","date_gmt":"2021-10-04T14:21:52","guid":{"rendered":"https:\/\/www.ipcic.il.pw.edu.pl\/?page_id=1689"},"modified":"2021-10-27T11:20:21","modified_gmt":"2021-10-27T09:20:21","slug":"filmy","status":"publish","type":"page","link":"https:\/\/www.ipcic.il.pw.edu.pl\/index.php\/pl\/filmy\/","title":{"rendered":"Filmy"},"content":{"rendered":"<p><strong>1. Monter zabudowy suchej (suche tynki).<\/strong><\/p>\n<p><a href=\"https:\/\/www.youtube.com\/watch?v=fApjX8I0cO0\" target=\"_blank\" rel=\"noopener\">1.1 \u015arodki ochrony indywidualnej (6:00)<\/a><\/p>\n<p><a href=\"https:\/\/www.youtube.com\/watch?v=MBv6tCp6gjM\" target=\"_blank\" rel=\"noopener\">1.2 Zabudowa \u015bciany z metalowym stela\u017cem (3:13)<\/a><\/p>\n<p><a href=\"https:\/\/www.youtube.com\/watch?v=uBsG8_MNKX4\" target=\"_blank\" rel=\"noopener\">1.3 \u015acianki dzia\u0142owe z metalowym stela\u017cem (7:27)<\/a><\/p>\n<p><a href=\"https:\/\/www.youtube.com\/watch?v=JJz0QMGR7YY\" target=\"_blank\" rel=\"noopener\">1.4 Metalowy stela\u017c pod sufity podwieszone (4:58)<\/a><\/p>\n<p><a href=\"https:\/\/www.youtube.com\/watch?v=N_pS-R-ROWE\" target=\"_blank\" rel=\"noopener\">1.5 Uk\u0142adanie p\u0142yt suchego tynku (cz\u0119\u015b\u0107 A) (7:40)<\/a><\/p>\n<p><a href=\"https:\/\/www.youtube.com\/watch?v=oxhqVJlNQog\" target=\"_blank\" rel=\"noopener\">1.6 Uk\u0142adanie p\u0142yt suchego tynku (cz\u0119\u015b\u0107 B) (5:03)<\/a><\/p>\n<p><a href=\"https:\/\/www.youtube.com\/watch?v=KxyoW9qC4Wc\" target=\"_blank\" rel=\"noopener\">1.7 Uk\u0142adanie p\u0142yt suchego tynku (sufity) (3:56)<\/a><\/p>\n<p><a href=\"https:\/\/www.youtube.com\/watch?v=xGv9UfUGV30\" target=\"_blank\" rel=\"noopener\">1.8 Spoinowanie i wykonywanie po\u0142\u0105cze\u0144 (7:43)<\/a><\/p>\n<p>&nbsp;<\/p>\n<p><strong>2. Hydraulik<\/strong><\/p>\n<p><a href=\"https:\/\/www.youtube.com\/watch?v=B9z7YM53mNs\" target=\"_blank\" rel=\"noopener\">2.1 Proces zgrzewania rurowego (8:16)<\/a><\/p>\n<p><a href=\"https:\/\/www.youtube.com\/watch?v=kxNjX9hi_yU\" target=\"_blank\" rel=\"noopener\">2.2 Monta\u017c po\u0142\u0105cze\u0144 gwintowanych (7:51)<\/a><\/p>\n<p><a href=\"https:\/\/www.youtube.com\/watch?v=jKtgqOC0FZ8\" target=\"_blank\" rel=\"noopener\">2.3 Instalacje kanalizacyjne (3:09)<\/a><\/p>\n<p><a href=\"https:\/\/www.youtube.com\/watch?v=qGOJIXiCtSI\" target=\"_blank\" rel=\"noopener\">2.4 Narz\u0119dzia do monta\u017cu instalacji (4:15)<\/a><\/p>\n<p>&nbsp;<\/p>\n<p><strong>3. P\u0142ytkarz<\/strong><\/p>\n<p><a href=\"https:\/\/www.youtube.com\/watch?v=VXe2q7oj2zA\" target=\"_blank\" rel=\"noopener\">3.1 Monta\u017c element\u00f3w pomocniczych (3:18)<\/a><\/p>\n<p><a href=\"https:\/\/www.youtube.com\/watch?v=jSpLt5ASdUU\" target=\"_blank\" rel=\"noopener\">3.2 Narz\u0119dzia do ci\u0119cia p\u0142ytek (2:48)<\/a><\/p>\n<p><a href=\"https:\/\/www.youtube.com\/watch?v=yXIHpS-1kN8\" target=\"_blank\" rel=\"noopener\">3.3 Proces k\u0142adzenia p\u0142ytek (4:43)<\/a><\/p>\n<p><a href=\"https:\/\/www.youtube.com\/watch?v=VV4LpIvwIzw\" target=\"_blank\" rel=\"noopener\">3.4 Rodzaje p\u0142ytek (5:17)<\/a><\/p>\n<p><a href=\"https:\/\/www.youtube.com\/watch?v=y4h9sIdt7Tc\" target=\"_blank\" rel=\"noopener\">3.5 Monta\u017c hydroizolacji (3:00)<\/a><\/p>\n<p>&nbsp;<\/p>\n<p><strong>4. Filmy promuj\u0105ce etos pracy w budownictwie , BHP oraz metody harmonogramowania rob\u00f3t budowlany (filmy dodatkowe).<\/strong><\/p>\n<p><a href=\"https:\/\/www.youtube.com\/watch?v=9dIWROkGMs4\" target=\"_blank\" rel=\"noopener\">4.1 Etos pracy w budownictwie (8:49)<\/a><\/p>\n<p><a href=\"https:\/\/www.youtube.com\/watch?v=otHF0ebAt90\" target=\"_blank\" rel=\"noopener\">4.2 Bezpiecze\u0144stwo pracy w budownictwie (12:52)<\/a><\/p>\n<p><a href=\"https:\/\/www.youtube.com\/watch?v=K7JY1FTFClo\" target=\"_blank\" rel=\"noopener\">4.3 Harmonogramowanie (11:20)<\/a><\/p>\n<p>&nbsp;<\/p>\n<p><a href=\"https:\/\/www.youtube.com\/channel\/UC7AKzEeJ5I06ksNcVc_wIDA\/videos\" target=\"_blank\" rel=\"noopener\"><strong>Wszystkie materia\u0142y filmowe we wszystkich j\u0119zykach projektu s\u0105 dost\u0119pne tu (link).<\/strong><\/a><\/p>\n","protected":false},"excerpt":{"rendered":"<p>1. Monter zabudowy suchej (suche tynki). 1.1 \u015arodki ochrony indywidualnej (6:00) 1.2 Zabudowa \u015bciany z metalowym stela\u017cem (3:13) 1.3 \u015acianki dzia\u0142owe z metalowym stela\u017cem (7:27) 1.4 Metalowy stela\u017c pod sufity podwieszone (4:58) 1.5 Uk\u0142adanie p\u0142yt suchego tynku (cz\u0119\u015b\u0107 A) (7:40) 1.6 Uk\u0142adanie p\u0142yt suchego tynku (cz\u0119\u015b\u0107 B) (5:03) 1.7 Uk\u0142adanie p\u0142yt suchego tynku (sufity) (3:56) &hellip; <a href=\"https:\/\/www.ipcic.il.pw.edu.pl\/index.php\/pl\/filmy\/\" class=\"more-link\">Continue reading <span class=\"screen-reader-text\">Filmy<\/span> <span class=\"meta-nav\">&rarr;<\/span><\/a><\/p>\n","protected":false},"author":1,"featured_media":0,"parent":0,"menu_order":0,"comment_status":"closed","ping_status":"closed","template":"","meta":{"ngg_post_thumbnail":0,"footnotes":""},"class_list":["post-1689","page","type-page","status-publish","hentry"],"_links":{"self":[{"href":"https:\/\/www.ipcic.il.pw.edu.pl\/index.php\/wp-json\/wp\/v2\/pages\/1689","targetHints":{"allow":["GET"]}}],"collection":[{"href":"https:\/\/www.ipcic.il.pw.edu.pl\/index.php\/wp-json\/wp\/v2\/pages"}],"about":[{"href":"https:\/\/www.ipcic.il.pw.edu.pl\/index.php\/wp-json\/wp\/v2\/types\/page"}],"author":[{"embeddable":true,"href":"https:\/\/www.ipcic.il.pw.edu.pl\/index.php\/wp-json\/wp\/v2\/users\/1"}],"replies":[{"embeddable":true,"href":"https:\/\/www.ipcic.il.pw.edu.pl\/index.php\/wp-json\/wp\/v2\/comments?post=1689"}],"version-history":[{"count":7,"href":"https:\/\/www.ipcic.il.pw.edu.pl\/index.php\/wp-json\/wp\/v2\/pages\/1689\/revisions"}],"predecessor-version":[{"id":1830,"href":"https:\/\/www.ipcic.il.pw.edu.pl\/index.php\/wp-json\/wp\/v2\/pages\/1689\/revisions\/1830"}],"wp:attachment":[{"href":"https:\/\/www.ipcic.il.pw.edu.pl\/index.php\/wp-json\/wp\/v2\/media?parent=1689"}],"curies":[{"name":"wp","href":"https:\/\/api.w.org\/{rel}","templated":true}]}}