{"id":1698,"date":"2021-10-04T16:26:38","date_gmt":"2021-10-04T14:26:38","guid":{"rendered":"https:\/\/www.ipcic.il.pw.edu.pl\/?page_id=1698"},"modified":"2021-10-26T18:58:50","modified_gmt":"2021-10-26T16:58:50","slug":"podreczniki","status":"publish","type":"page","link":"https:\/\/www.ipcic.il.pw.edu.pl\/index.php\/pl\/podreczniki\/","title":{"rendered":"Podr\u0119czniki"},"content":{"rendered":"<p>W celu pobrania podr\u0119cznika, prosz\u0119 klikn\u0105\u0107 w wybran\u0105 ok\u0142adk\u0119.<\/p>\n<p>Podr\u0119czniki angielskie<\/p>\n<p><a href=\"https:\/\/www.ipcic.il.pw.edu.pl\/wp-content\/uploads\/2021\/10\/Fitter-EN.pdf\" target=\"_blank\" rel=\"noopener\"><img loading=\"lazy\" decoding=\"async\" class=\"alignnone wp-image-1716 size-large\" src=\"https:\/\/www.ipcic.il.pw.edu.pl\/wp-content\/uploads\/2021\/10\/Drywall-fitter-1-1024x724.png\" alt=\"\" width=\"604\" height=\"427\" srcset=\"https:\/\/www.ipcic.il.pw.edu.pl\/wp-content\/uploads\/2021\/10\/Drywall-fitter-1-1024x724.png 1024w, https:\/\/www.ipcic.il.pw.edu.pl\/wp-content\/uploads\/2021\/10\/Drywall-fitter-1-300x212.png 300w, https:\/\/www.ipcic.il.pw.edu.pl\/wp-content\/uploads\/2021\/10\/Drywall-fitter-1-768x543.png 768w, https:\/\/www.ipcic.il.pw.edu.pl\/wp-content\/uploads\/2021\/10\/Drywall-fitter-1.png 1441w\" sizes=\"auto, (max-width: 604px) 100vw, 604px\" \/><\/a><\/p>\n<p><a href=\"https:\/\/www.ipcic.il.pw.edu.pl\/wp-content\/uploads\/2021\/10\/Plumber-EN.pdf\" target=\"_blank\" rel=\"noopener\"><img loading=\"lazy\" decoding=\"async\" class=\"alignnone wp-image-1717 size-large\" src=\"https:\/\/www.ipcic.il.pw.edu.pl\/wp-content\/uploads\/2021\/10\/Plumber-1024x726.png\" alt=\"\" width=\"604\" height=\"428\" srcset=\"https:\/\/www.ipcic.il.pw.edu.pl\/wp-content\/uploads\/2021\/10\/Plumber-1024x726.png 1024w, https:\/\/www.ipcic.il.pw.edu.pl\/wp-content\/uploads\/2021\/10\/Plumber-300x213.png 300w, https:\/\/www.ipcic.il.pw.edu.pl\/wp-content\/uploads\/2021\/10\/Plumber-768x544.png 768w, https:\/\/www.ipcic.il.pw.edu.pl\/wp-content\/uploads\/2021\/10\/Plumber.png 1441w\" sizes=\"auto, (max-width: 604px) 100vw, 604px\" \/><\/a><\/p>\n<p><a href=\"https:\/\/www.ipcic.il.pw.edu.pl\/wp-content\/uploads\/2021\/10\/Tiler-EN.pdf\" target=\"_blank\" rel=\"noopener\"><img loading=\"lazy\" decoding=\"async\" class=\"alignnone wp-image-1718 size-large\" src=\"https:\/\/www.ipcic.il.pw.edu.pl\/wp-content\/uploads\/2021\/10\/Tiller-1024x725.png\" alt=\"\" width=\"604\" height=\"428\" srcset=\"https:\/\/www.ipcic.il.pw.edu.pl\/wp-content\/uploads\/2021\/10\/Tiller-1024x725.png 1024w, https:\/\/www.ipcic.il.pw.edu.pl\/wp-content\/uploads\/2021\/10\/Tiller-300x212.png 300w, https:\/\/www.ipcic.il.pw.edu.pl\/wp-content\/uploads\/2021\/10\/Tiller-768x544.png 768w, https:\/\/www.ipcic.il.pw.edu.pl\/wp-content\/uploads\/2021\/10\/Tiller.png 1446w\" sizes=\"auto, (max-width: 604px) 100vw, 604px\" \/><\/a><\/p>\n<p><a href=\"https:\/\/www.ipcic.il.pw.edu.pl\/wp-content\/uploads\/2021\/10\/IPCIC-TRAINER-HANDBOOK-EN.pdf\" target=\"_blank\" rel=\"noopener\"><img loading=\"lazy\" decoding=\"async\" class=\"alignnone wp-image-1719 size-large\" src=\"https:\/\/www.ipcic.il.pw.edu.pl\/wp-content\/uploads\/2021\/10\/TRAINERS-HANDBOOK-1024x724.png\" alt=\"\" width=\"604\" height=\"427\"><\/a><\/p>\n<p>&nbsp;<\/p>\n<p>Podr\u0119czniki polskie<\/p>\n<p><a href=\"https:\/\/www.ipcic.il.pw.edu.pl\/wp-content\/uploads\/2021\/10\/Fitter-PL.pdf\" target=\"_blank\" rel=\"noopener\"><img loading=\"lazy\" decoding=\"async\" class=\"alignnone size-large wp-image-1731\" src=\"https:\/\/www.ipcic.il.pw.edu.pl\/wp-content\/uploads\/2021\/10\/Monter-1024x729.png\" alt=\"\" width=\"604\" height=\"430\" srcset=\"https:\/\/www.ipcic.il.pw.edu.pl\/wp-content\/uploads\/2021\/10\/Monter-1024x729.png 1024w, https:\/\/www.ipcic.il.pw.edu.pl\/wp-content\/uploads\/2021\/10\/Monter-300x214.png 300w, https:\/\/www.ipcic.il.pw.edu.pl\/wp-content\/uploads\/2021\/10\/Monter-768x547.png 768w, https:\/\/www.ipcic.il.pw.edu.pl\/wp-content\/uploads\/2021\/10\/Monter.png 1443w\" sizes=\"auto, (max-width: 604px) 100vw, 604px\" \/><\/a><\/p>\n<p><a href=\"https:\/\/www.ipcic.il.pw.edu.pl\/wp-content\/uploads\/2021\/10\/Plumber-PL.pdf\" target=\"_blank\" rel=\"noopener\"><img loading=\"lazy\" decoding=\"async\" class=\"alignnone size-large wp-image-1732\" src=\"https:\/\/www.ipcic.il.pw.edu.pl\/wp-content\/uploads\/2021\/10\/Hydraulik-1024x726.png\" alt=\"\" width=\"604\" height=\"428\" srcset=\"https:\/\/www.ipcic.il.pw.edu.pl\/wp-content\/uploads\/2021\/10\/Hydraulik-1024x726.png 1024w, https:\/\/www.ipcic.il.pw.edu.pl\/wp-content\/uploads\/2021\/10\/Hydraulik-300x213.png 300w, https:\/\/www.ipcic.il.pw.edu.pl\/wp-content\/uploads\/2021\/10\/Hydraulik-768x544.png 768w, https:\/\/www.ipcic.il.pw.edu.pl\/wp-content\/uploads\/2021\/10\/Hydraulik.png 1443w\" sizes=\"auto, (max-width: 604px) 100vw, 604px\" \/><\/a><\/p>\n<p><a href=\"https:\/\/www.ipcic.il.pw.edu.pl\/wp-content\/uploads\/2021\/10\/Tiler-PL.pdf\" target=\"_blank\" rel=\"noopener\"><img loading=\"lazy\" decoding=\"async\" class=\"alignnone size-large wp-image-1733\" src=\"https:\/\/www.ipcic.il.pw.edu.pl\/wp-content\/uploads\/2021\/10\/Plytkarz-1024x724.png\" alt=\"\" width=\"604\" height=\"427\" srcset=\"https:\/\/www.ipcic.il.pw.edu.pl\/wp-content\/uploads\/2021\/10\/Plytkarz-1024x724.png 1024w, https:\/\/www.ipcic.il.pw.edu.pl\/wp-content\/uploads\/2021\/10\/Plytkarz-300x212.png 300w, https:\/\/www.ipcic.il.pw.edu.pl\/wp-content\/uploads\/2021\/10\/Plytkarz-768x543.png 768w, https:\/\/www.ipcic.il.pw.edu.pl\/wp-content\/uploads\/2021\/10\/Plytkarz.png 1446w\" sizes=\"auto, (max-width: 604px) 100vw, 604px\" \/><\/a><\/p>\n<p><a href=\"https:\/\/www.ipcic.il.pw.edu.pl\/wp-content\/uploads\/2021\/10\/IPCIC-TRAINER-HANDBOOK-PL.pdf\" target=\"_blank\" rel=\"noopener\"><img loading=\"lazy\" decoding=\"async\" class=\"alignnone size-large wp-image-1734\" src=\"https:\/\/www.ipcic.il.pw.edu.pl\/wp-content\/uploads\/2021\/10\/Trener-1024x715.png\" alt=\"\" width=\"604\" height=\"422\" srcset=\"https:\/\/www.ipcic.il.pw.edu.pl\/wp-content\/uploads\/2021\/10\/Trener-1024x715.png 1024w, https:\/\/www.ipcic.il.pw.edu.pl\/wp-content\/uploads\/2021\/10\/Trener-300x210.png 300w, https:\/\/www.ipcic.il.pw.edu.pl\/wp-content\/uploads\/2021\/10\/Trener-768x536.png 768w, https:\/\/www.ipcic.il.pw.edu.pl\/wp-content\/uploads\/2021\/10\/Trener.png 1403w\" sizes=\"auto, (max-width: 604px) 100vw, 604px\" \/><\/a><\/p>\n<p>&nbsp;<\/p>\n<p>Podr\u0119czniki w\u0142oskie<\/p>\n<p><a href=\"https:\/\/www.ipcic.il.pw.edu.pl\/wp-content\/uploads\/2021\/10\/Manual_Fitter_ITA.pdf\" target=\"_blank\" rel=\"noopener\"><img loading=\"lazy\" decoding=\"async\" class=\"alignnone size-large wp-image-1753\" src=\"https:\/\/www.ipcic.il.pw.edu.pl\/wp-content\/uploads\/2021\/10\/fitter-IT-1024x724.png\" alt=\"\" width=\"604\" height=\"427\" srcset=\"https:\/\/www.ipcic.il.pw.edu.pl\/wp-content\/uploads\/2021\/10\/fitter-IT-1024x724.png 1024w, https:\/\/www.ipcic.il.pw.edu.pl\/wp-content\/uploads\/2021\/10\/fitter-IT-300x212.png 300w, https:\/\/www.ipcic.il.pw.edu.pl\/wp-content\/uploads\/2021\/10\/fitter-IT-768x543.png 768w, https:\/\/www.ipcic.il.pw.edu.pl\/wp-content\/uploads\/2021\/10\/fitter-IT.png 1069w\" sizes=\"auto, (max-width: 604px) 100vw, 604px\" \/><\/a><\/p>\n<p><a href=\"https:\/\/www.ipcic.il.pw.edu.pl\/wp-content\/uploads\/2021\/10\/Manual_Plumber_ITA.pdf\" target=\"_blank\" rel=\"noopener\"><img loading=\"lazy\" decoding=\"async\" class=\"alignnone size-large wp-image-1756\" src=\"https:\/\/www.ipcic.il.pw.edu.pl\/wp-content\/uploads\/2021\/10\/plumber-IT-1024x722.png\" alt=\"\" width=\"604\" height=\"426\" srcset=\"https:\/\/www.ipcic.il.pw.edu.pl\/wp-content\/uploads\/2021\/10\/plumber-IT-1024x722.png 1024w, https:\/\/www.ipcic.il.pw.edu.pl\/wp-content\/uploads\/2021\/10\/plumber-IT-300x212.png 300w, https:\/\/www.ipcic.il.pw.edu.pl\/wp-content\/uploads\/2021\/10\/plumber-IT-768x542.png 768w, https:\/\/www.ipcic.il.pw.edu.pl\/wp-content\/uploads\/2021\/10\/plumber-IT.png 1432w\" sizes=\"auto, (max-width: 604px) 100vw, 604px\" \/><\/a><\/p>\n<p><a href=\"https:\/\/www.ipcic.il.pw.edu.pl\/wp-content\/uploads\/2021\/10\/Manual_Tiler_ITA.pdf\" target=\"_blank\" rel=\"noopener\"><img loading=\"lazy\" decoding=\"async\" class=\"alignnone size-large wp-image-1754\" src=\"https:\/\/www.ipcic.il.pw.edu.pl\/wp-content\/uploads\/2021\/10\/tiler-IT-1024x732.png\" alt=\"\" width=\"604\" height=\"432\" srcset=\"https:\/\/www.ipcic.il.pw.edu.pl\/wp-content\/uploads\/2021\/10\/tiler-IT-1024x732.png 1024w, https:\/\/www.ipcic.il.pw.edu.pl\/wp-content\/uploads\/2021\/10\/tiler-IT-300x214.png 300w, https:\/\/www.ipcic.il.pw.edu.pl\/wp-content\/uploads\/2021\/10\/tiler-IT-768x549.png 768w, https:\/\/www.ipcic.il.pw.edu.pl\/wp-content\/uploads\/2021\/10\/tiler-IT.png 1069w\" sizes=\"auto, (max-width: 604px) 100vw, 604px\" \/><\/a><\/p>\n<p><a href=\"https:\/\/www.ipcic.il.pw.edu.pl\/wp-content\/uploads\/2021\/10\/IPCIC_Trainers-handbook_ITA.pdf\" target=\"_blank\" rel=\"noopener\"><img loading=\"lazy\" decoding=\"async\" class=\"alignnone size-large wp-image-1814\" src=\"https:\/\/www.ipcic.il.pw.edu.pl\/wp-content\/uploads\/2021\/10\/IPCIC-IT-TH-1024x683.png\" alt=\"\" width=\"604\" height=\"403\" srcset=\"https:\/\/www.ipcic.il.pw.edu.pl\/wp-content\/uploads\/2021\/10\/IPCIC-IT-TH-1024x683.png 1024w, https:\/\/www.ipcic.il.pw.edu.pl\/wp-content\/uploads\/2021\/10\/IPCIC-IT-TH-300x200.png 300w, https:\/\/www.ipcic.il.pw.edu.pl\/wp-content\/uploads\/2021\/10\/IPCIC-IT-TH-768x512.png 768w, https:\/\/www.ipcic.il.pw.edu.pl\/wp-content\/uploads\/2021\/10\/IPCIC-IT-TH.png 1159w\" sizes=\"auto, (max-width: 604px) 100vw, 604px\" \/><\/a><\/p>\n<p>&nbsp;<\/p>\n<p>Podr\u0119czniki litewskie<\/p>\n<p><a href=\"https:\/\/www.ipcic.il.pw.edu.pl\/wp-content\/uploads\/2021\/10\/Fitter_Final_LT.pdf\" target=\"_blank\" rel=\"noopener\"><img loading=\"lazy\" decoding=\"async\" class=\"alignnone size-full wp-image-1820\" src=\"https:\/\/www.ipcic.il.pw.edu.pl\/wp-content\/uploads\/2021\/10\/Fitter-LT.png\" alt=\"\" width=\"964\" height=\"659\" srcset=\"https:\/\/www.ipcic.il.pw.edu.pl\/wp-content\/uploads\/2021\/10\/Fitter-LT.png 964w, https:\/\/www.ipcic.il.pw.edu.pl\/wp-content\/uploads\/2021\/10\/Fitter-LT-300x205.png 300w, https:\/\/www.ipcic.il.pw.edu.pl\/wp-content\/uploads\/2021\/10\/Fitter-LT-768x525.png 768w\" sizes=\"auto, (max-width: 964px) 100vw, 964px\" \/><\/a><\/p>\n<p><a href=\"https:\/\/www.ipcic.il.pw.edu.pl\/wp-content\/uploads\/2021\/10\/Plumber-LT-Final.pdf\" target=\"_blank\" rel=\"noopener\"><img loading=\"lazy\" decoding=\"async\" class=\"alignnone size-full wp-image-1821\" src=\"https:\/\/www.ipcic.il.pw.edu.pl\/wp-content\/uploads\/2021\/10\/Plumber-LT.png\" alt=\"\" width=\"964\" height=\"681\" srcset=\"https:\/\/www.ipcic.il.pw.edu.pl\/wp-content\/uploads\/2021\/10\/Plumber-LT.png 964w, https:\/\/www.ipcic.il.pw.edu.pl\/wp-content\/uploads\/2021\/10\/Plumber-LT-300x212.png 300w, https:\/\/www.ipcic.il.pw.edu.pl\/wp-content\/uploads\/2021\/10\/Plumber-LT-768x543.png 768w\" sizes=\"auto, (max-width: 964px) 100vw, 964px\" \/><\/a><\/p>\n<p><a href=\"https:\/\/www.ipcic.il.pw.edu.pl\/wp-content\/uploads\/2021\/10\/Tiler_Final_LT.pdf\" target=\"_blank\" rel=\"noopener\"><img loading=\"lazy\" decoding=\"async\" class=\"alignnone size-full wp-image-1822\" src=\"https:\/\/www.ipcic.il.pw.edu.pl\/wp-content\/uploads\/2021\/10\/Tiler-LT.png\" alt=\"\" width=\"964\" height=\"681\" srcset=\"https:\/\/www.ipcic.il.pw.edu.pl\/wp-content\/uploads\/2021\/10\/Tiler-LT.png 964w, https:\/\/www.ipcic.il.pw.edu.pl\/wp-content\/uploads\/2021\/10\/Tiler-LT-300x212.png 300w, https:\/\/www.ipcic.il.pw.edu.pl\/wp-content\/uploads\/2021\/10\/Tiler-LT-768x543.png 768w\" sizes=\"auto, (max-width: 964px) 100vw, 964px\" \/><\/a><\/p>\n<p><a href=\"https:\/\/www.ipcic.il.pw.edu.pl\/wp-content\/uploads\/2021\/10\/Trainers-handbook_LT.pdf\" target=\"_blank\" rel=\"noopener\"><img loading=\"lazy\" decoding=\"async\" class=\"alignnone size-full wp-image-1823\" src=\"https:\/\/www.ipcic.il.pw.edu.pl\/wp-content\/uploads\/2021\/10\/TH-LT.png\" alt=\"\" width=\"951\" height=\"681\" srcset=\"https:\/\/www.ipcic.il.pw.edu.pl\/wp-content\/uploads\/2021\/10\/TH-LT.png 951w, https:\/\/www.ipcic.il.pw.edu.pl\/wp-content\/uploads\/2021\/10\/TH-LT-300x215.png 300w, https:\/\/www.ipcic.il.pw.edu.pl\/wp-content\/uploads\/2021\/10\/TH-LT-768x550.png 768w\" sizes=\"auto, (max-width: 951px) 100vw, 951px\" \/><\/a><\/p>\n<p>&nbsp;<\/p>\n","protected":false},"excerpt":{"rendered":"<p>W celu pobrania podr\u0119cznika, prosz\u0119 klikn\u0105\u0107 w wybran\u0105 ok\u0142adk\u0119. Podr\u0119czniki angielskie &nbsp; Podr\u0119czniki polskie &nbsp; Podr\u0119czniki w\u0142oskie &nbsp; Podr\u0119czniki litewskie &nbsp;<\/p>\n","protected":false},"author":1,"featured_media":0,"parent":0,"menu_order":0,"comment_status":"closed","ping_status":"closed","template":"","meta":{"ngg_post_thumbnail":0,"footnotes":""},"class_list":["post-1698","page","type-page","status-publish","hentry"],"_links":{"self":[{"href":"https:\/\/www.ipcic.il.pw.edu.pl\/index.php\/wp-json\/wp\/v2\/pages\/1698","targetHints":{"allow":["GET"]}}],"collection":[{"href":"https:\/\/www.ipcic.il.pw.edu.pl\/index.php\/wp-json\/wp\/v2\/pages"}],"about":[{"href":"https:\/\/www.ipcic.il.pw.edu.pl\/index.php\/wp-json\/wp\/v2\/types\/page"}],"author":[{"embeddable":true,"href":"https:\/\/www.ipcic.il.pw.edu.pl\/index.php\/wp-json\/wp\/v2\/users\/1"}],"replies":[{"embeddable":true,"href":"https:\/\/www.ipcic.il.pw.edu.pl\/index.php\/wp-json\/wp\/v2\/comments?post=1698"}],"version-history":[{"count":7,"href":"https:\/\/www.ipcic.il.pw.edu.pl\/index.php\/wp-json\/wp\/v2\/pages\/1698\/revisions"}],"predecessor-version":[{"id":1826,"href":"https:\/\/www.ipcic.il.pw.edu.pl\/index.php\/wp-json\/wp\/v2\/pages\/1698\/revisions\/1826"}],"wp:attachment":[{"href":"https:\/\/www.ipcic.il.pw.edu.pl\/index.php\/wp-json\/wp\/v2\/media?parent=1698"}],"curies":[{"name":"wp","href":"https:\/\/api.w.org\/{rel}","templated":true}]}}