{"id":2005,"date":"2022-02-17T18:36:31","date_gmt":"2022-02-17T17:36:31","guid":{"rendered":"https:\/\/www.ipcic.il.pw.edu.pl\/?page_id=2005"},"modified":"2022-02-17T18:36:55","modified_gmt":"2022-02-17T17:36:55","slug":"curriculum-2","status":"publish","type":"page","link":"https:\/\/www.ipcic.il.pw.edu.pl\/index.php\/pl\/curriculum-2\/","title":{"rendered":"Curriculum"},"content":{"rendered":"<p><a href=\"https:\/\/chmura.il.pw.edu.pl\/index.php\/s\/8WiRDw8rWYyw876\">CURRICULUM IPCIC<\/a><\/p>\n<p>IO1: Creation of courses programmes \u2013 zrealizowano zgodnie z za\u0142o\u017ceniami projektu; opracowano innowacyjne programy nauczania zbudowane na najnowocze\u015bniejszych technologiach budowlanych w zawodach: monter zabudowy suchej, hydraulik oraz p\u0142ytkarz. Innowacyjno\u015b\u0107 podr\u0119cznik\u00f3w jest te\u017c podkre\u015blona przez opracowanie zbioru film\u00f3w instrukta\u017cowych, kt\u00f3re ilustruj\u0105 praktyczne zasady wykonywania rob\u00f3t dla wy\u017cej wymienionych zawod\u00f3w.<\/p>\n","protected":false},"excerpt":{"rendered":"<p>CURRICULUM IPCIC IO1: Creation of courses programmes \u2013 zrealizowano zgodnie z za\u0142o\u017ceniami projektu; opracowano innowacyjne programy nauczania zbudowane na najnowocze\u015bniejszych technologiach budowlanych w zawodach: monter zabudowy suchej, hydraulik oraz p\u0142ytkarz. Innowacyjno\u015b\u0107 podr\u0119cznik\u00f3w jest te\u017c podkre\u015blona przez opracowanie zbioru film\u00f3w instrukta\u017cowych, kt\u00f3re ilustruj\u0105 praktyczne zasady wykonywania rob\u00f3t dla wy\u017cej wymienionych zawod\u00f3w.<\/p>\n","protected":false},"author":1,"featured_media":0,"parent":0,"menu_order":0,"comment_status":"closed","ping_status":"closed","template":"","meta":{"ngg_post_thumbnail":0,"footnotes":""},"class_list":["post-2005","page","type-page","status-publish","hentry"],"_links":{"self":[{"href":"https:\/\/www.ipcic.il.pw.edu.pl\/index.php\/wp-json\/wp\/v2\/pages\/2005","targetHints":{"allow":["GET"]}}],"collection":[{"href":"https:\/\/www.ipcic.il.pw.edu.pl\/index.php\/wp-json\/wp\/v2\/pages"}],"about":[{"href":"https:\/\/www.ipcic.il.pw.edu.pl\/index.php\/wp-json\/wp\/v2\/types\/page"}],"author":[{"embeddable":true,"href":"https:\/\/www.ipcic.il.pw.edu.pl\/index.php\/wp-json\/wp\/v2\/users\/1"}],"replies":[{"embeddable":true,"href":"https:\/\/www.ipcic.il.pw.edu.pl\/index.php\/wp-json\/wp\/v2\/comments?post=2005"}],"version-history":[{"count":1,"href":"https:\/\/www.ipcic.il.pw.edu.pl\/index.php\/wp-json\/wp\/v2\/pages\/2005\/revisions"}],"predecessor-version":[{"id":2006,"href":"https:\/\/www.ipcic.il.pw.edu.pl\/index.php\/wp-json\/wp\/v2\/pages\/2005\/revisions\/2006"}],"wp:attachment":[{"href":"https:\/\/www.ipcic.il.pw.edu.pl\/index.php\/wp-json\/wp\/v2\/media?parent=2005"}],"curies":[{"name":"wp","href":"https:\/\/api.w.org\/{rel}","templated":true}]}}