{"id":24,"date":"2016-11-22T17:10:25","date_gmt":"2016-11-22T16:10:25","guid":{"rendered":"https:\/\/www.ipcic.il.pw.edu.pl\/?page_id=24"},"modified":"2021-10-05T18:00:12","modified_gmt":"2021-10-05T16:00:12","slug":"partnership","status":"publish","type":"page","link":"https:\/\/www.ipcic.il.pw.edu.pl\/index.php\/en\/partnership\/","title":{"rendered":"Partnership"},"content":{"rendered":"<p><strong>Promoter:<\/strong><\/p>\n<p>&nbsp;<\/p>\n<p><a href=\"http:\/\/www.psmb.pl\" target=\"_blank\" rel=\"noopener noreferrer\">Polskie Stowarzyszenie Mened\u017cer\u00f3w Budownictwa, PL<\/a><\/p>\n<p><img loading=\"lazy\" decoding=\"async\" class=\"wp-image-1224 aligncenter\" src=\"https:\/\/www.ipcic.il.pw.edu.pl\/wp-content\/uploads\/2021\/01\/PSMB-logotyp_2-1024x485.jpg\" alt=\"\" width=\"465\" height=\"220\" srcset=\"https:\/\/www.ipcic.il.pw.edu.pl\/wp-content\/uploads\/2021\/01\/PSMB-logotyp_2-1024x485.jpg 1024w, https:\/\/www.ipcic.il.pw.edu.pl\/wp-content\/uploads\/2021\/01\/PSMB-logotyp_2-300x142.jpg 300w, https:\/\/www.ipcic.il.pw.edu.pl\/wp-content\/uploads\/2021\/01\/PSMB-logotyp_2-768x364.jpg 768w, https:\/\/www.ipcic.il.pw.edu.pl\/wp-content\/uploads\/2021\/01\/PSMB-logotyp_2-1536x728.jpg 1536w, https:\/\/www.ipcic.il.pw.edu.pl\/wp-content\/uploads\/2021\/01\/PSMB-logotyp_2.jpg 1900w\" sizes=\"auto, (max-width: 465px) 100vw, 465px\" \/><\/p>\n<p>Polish Association of Building Managers was formed in cooperation with AEEBC and CIOB \u2013 international organizations for the subjects and national European institutions \u2013 in order to educate and certificate the managerial building personnel. PSMB works on the non-profit rule. It does not exercise any privileges or the statutory membership imperative for particular professional organizations. The factual basis for the activity of the Association was formed with the support of the European Union resources in order to even out the qualifications of Polish building managers to the European standards and to prepare them to conduct business activity on the international market. The main aims of PSMB are as follows: Supporting the engineers in obtaining the managerial qualifications essential in conducting business activity in construction; Help in recognition of the managerial competences on the European Union market; Integration of the managerial activity in building; Cooperation with similar foreign<br \/>\nassociations. Polish Association of Building Managers members form AEEBC Polish National Monitoring Committee and therefore are responsible for assessing candidates for European Building Experts (EurBE) title in Poland. PSMB employs 4 persons on regular basis, and due to its rich base of members, PSMB can include more people in planned activities, both as paid or voluntary work. What are the activities and experience<\/p>\n<p><strong>Partnerzy:<\/strong><\/p>\n<p><a href=\"https:\/\/www.il.pw.edu.pl\/\" target=\"_blank\" rel=\"noopener noreferrer\">Wydzia\u0142 In\u017cynierii L\u0105dowej Politechnika Warszawska, PL<\/a><\/p>\n<p>&nbsp;<\/p>\n<p><img loading=\"lazy\" decoding=\"async\" class=\"aligncenter\" src=\"http:\/\/www.arcw.il.pw.edu.pl\/wp-content\/uploads\/2015\/05\/logo_pw.png\" alt=\"\" width=\"198\" height=\"198\"><\/p>\n<p>Warsaw University of Technology (WUT) is the largest technical university in Poland. Department of Civil Engineering (DoCE) is a leading construction department. The Construction Engineering and Management Department (CEaMD) at DoCE is engaged in the broad area of construction management. CEaMD has supervised numerous research and European projects related to improving the quality of education and the preparation of new courses (including blended learning and creation of e-platforms &#8211; MOODLE, EDUMATIC, It&#8217;s Learning) in the field of construction management, among other Lean Construction. CEaMD was also the promoter of<br \/>\nLeonardo da Vinci projects and the results of some of them will be used in this project. The Faculty of Civil Engineering was founded in 1915 but its tradition date back to the beginning of 18th century. Students are taught at the specialization of Civil Engineering (engineering, MSc and PhD studies). The Faculty also offers English-medium studies &#8211; Civil Engineering. Moreover, the didactic offer includes postgraduate studies &#8211; Management in Civil Engineering.<\/p>\n<p>&nbsp;<\/p>\n<p><a href=\"https:\/\/centroedilepalladio.it\/\">SCUOLA CONSTRUZIONI VICENZA &#8211; Andrea Palladio (SCVAP), IT<\/a><\/p>\n<p>&nbsp;<\/p>\n<p><img loading=\"lazy\" decoding=\"async\" class=\" wp-image-1229 aligncenter\" src=\"https:\/\/www.ipcic.il.pw.edu.pl\/wp-content\/uploads\/2021\/01\/Logo_SCVAP-1024x441.png\" alt=\"\" width=\"486\" height=\"209\" srcset=\"https:\/\/www.ipcic.il.pw.edu.pl\/wp-content\/uploads\/2021\/01\/Logo_SCVAP-1024x441.png 1024w, https:\/\/www.ipcic.il.pw.edu.pl\/wp-content\/uploads\/2021\/01\/Logo_SCVAP-300x129.png 300w, https:\/\/www.ipcic.il.pw.edu.pl\/wp-content\/uploads\/2021\/01\/Logo_SCVAP-768x331.png 768w, https:\/\/www.ipcic.il.pw.edu.pl\/wp-content\/uploads\/2021\/01\/Logo_SCVAP-1536x662.png 1536w, https:\/\/www.ipcic.il.pw.edu.pl\/wp-content\/uploads\/2021\/01\/Logo_SCVAP-2048x883.png 2048w\" sizes=\"auto, (max-width: 486px) 100vw, 486px\" \/><\/p>\n<p>SCUOLA CONSTRUZIONI VICENZA &#8211; Andrea Palladio (SCVAP) is a vocational training center devoted to construction sector and located in Vicenza District (northeast of Italy). It was founded in 1948 on the initiative of the Constructors\u2019 Association of Vicenza and the members of the Trade Unions to boost the vocational training in the building sector as an essential tool to refine workers\u2019 technical skills and to improve their efficiency and productivity. SCVAP employs around 40 staff including training, technical and administrative staff with full-time, part-time and casual contracts.<br \/>\nSCVAP, which provides training to approximately 2.500 workers, apprentices and students per year, is acknowledged at governmental level by Veneto Region for education and training in lifelong learning, apprenticeship, Higher Education, Compulsory Education for young pupils from 15 to 18 years old and Health and Safety issues, regulated by Italian law, for construction workers. SCVAPis thus registered in the Italian net of certified Vocational Training Centers and it is recognized by Formedil which is a coordinating organization for vocational training in construction operating at national level. SCVAP\u2019s quality system is certified ISO 9001: 2008.<br \/>\nSCVAP, which has absolutely peculiar traditions of bilateralism, by virtue of a constant elaboration of the social partners in the collective bargaining agreement, is directed by a Board of administrators made up of six members elected on equal basis by the social parts representing workers and employers. SCVAP counts on a network of technical staff operating in different areas of the province who perform tailored training throughout the territory and thanks to its multifunctional approach that combines training needs analysis, design, guidance, monitoring and evaluation, grants a more effective response to the requirements of labour market. Besides, SCVAP works closely with Local Authorities (i.e. Municipality), in order to facilitate the retraining of unemployed people to be reintroduced in the labour market.<br \/>\nSCVAP established strong relationships with other training centers and organizations in Europe aiming at improving its training capacity through staff\u2019s direct experience of best practices. Another important goal of its internationalization process is to adopt approaches and methodologies, also by developing innovative teaching methods, to improve the quality and attractiveness of its vocational training system, in line with the challenges posed by environmental and demographic changes and to respond to the rapid growth in demand of new and updated skills in science and technology that profoundly affect the labour market.<br \/>\nSince year 2007 SCVAP is hosting and placing in construction companies students and apprentices from all over Europe. During these years SCVAP hosted around 400 trainees from different European training centers and organizes mobility experiences for its students and staff with overall objective to implement and share a new attitude in the national construction culture among connected stakeholders by developing and testing advanced methodologies and construction techniques on Green Building area through the study and analysis of outstanding examples considered top level in Europe.<\/p>\n<p><a href=\"https:\/\/www.erbud.pl\/\">ERBUD SA., PL<\/a><\/p>\n<p><img loading=\"lazy\" decoding=\"async\" class=\" wp-image-1226 aligncenter\" src=\"https:\/\/www.ipcic.il.pw.edu.pl\/wp-content\/uploads\/2021\/01\/ERBUD-logo-1024x257.jpg\" alt=\"\" width=\"370\" height=\"93\" srcset=\"https:\/\/www.ipcic.il.pw.edu.pl\/wp-content\/uploads\/2021\/01\/ERBUD-logo-1024x257.jpg 1024w, https:\/\/www.ipcic.il.pw.edu.pl\/wp-content\/uploads\/2021\/01\/ERBUD-logo-300x75.jpg 300w, https:\/\/www.ipcic.il.pw.edu.pl\/wp-content\/uploads\/2021\/01\/ERBUD-logo-768x193.jpg 768w, https:\/\/www.ipcic.il.pw.edu.pl\/wp-content\/uploads\/2021\/01\/ERBUD-logo.jpg 1461w\" sizes=\"auto, (max-width: 370px) 100vw, 370px\" \/><\/p>\n<p>The Erbud Group (construction company) has over 25 years of experience in the completion of prestigious construction projects. Our activities are carried out in the following segments: large volume construction, road-engineering, industrial construction, technical engineering and services for the power industry. The Group operates on the Polish market and in other EU countries. Erbud SA performs as prime contractor projects in the field of commercial buildings, public facilities, energy sector, housing and road-engineering. Erbud has a staff of experienced, highly qualified civil engineers and specialists. The company complies with ISO and AQAP quality standards and introduces innovative and green technologies to the projects it completes. Since 2007, Erbud SA is a public company listed on the Warsaw Stock Exchange and a part of the largest companies in WIG 80 and Construction WIG index. Erbud Group employs more than 2300 staff.<\/p>\n<p class=\"qrShPb kno-ecr-pt PZPZlf mfMhoc hNKfZe\" data-dtype=\"d3ifr\" data-local-attribute=\"d3bn\" data-attrid=\"title\" data-ved=\"2ahUKEwjwycjIqrnuAhXIpYsKHScaAb0Q3B0oADAOegQIExAB\"><a href=\"http:\/\/www.vsrc.lt\">Vilniaus statybininku rengimo centras, LT<\/a><\/p>\n<p><img loading=\"lazy\" decoding=\"async\" class=\" wp-image-1227 aligncenter\" src=\"https:\/\/www.ipcic.il.pw.edu.pl\/wp-content\/uploads\/2021\/01\/logo_vsrc-1024x624.jpg\" alt=\"\" width=\"417\" height=\"254\" srcset=\"https:\/\/www.ipcic.il.pw.edu.pl\/wp-content\/uploads\/2021\/01\/logo_vsrc-1024x624.jpg 1024w, https:\/\/www.ipcic.il.pw.edu.pl\/wp-content\/uploads\/2021\/01\/logo_vsrc-300x183.jpg 300w, https:\/\/www.ipcic.il.pw.edu.pl\/wp-content\/uploads\/2021\/01\/logo_vsrc-768x468.jpg 768w, https:\/\/www.ipcic.il.pw.edu.pl\/wp-content\/uploads\/2021\/01\/logo_vsrc.jpg 1050w\" sizes=\"auto, (max-width: 417px) 100vw, 417px\" \/><\/p>\n<p>Vie\u0161oji \u012fstaiga Vilniaus statybinink\u0173 rengimo centras\/Vilnius Builders Training Centre (VSRC) is a vocational institution providing vocational education and training for young people (from 15 years of age) and adults (retraining courses). The Centre was founded in 1946 and is one of the main providers of quality vocational education and training in Lithuania. The Centre offers a diverse range of courses and excellent facilities in the main area of Building and Construction. Areas of study include: Brickwork, Joinery and Carpentry, Decoration\/Finishing, Furniture making, Landscaping, Restoration\/ Refurbishment, Building electrician, Plumbing, Real<br \/>\nestate services. The Centre is a leading institution at national level in the continuing training system of the building sector. Its main experience is the methodological expertise in life-long learning, development of qualifications and training schemes. The Centre is certified with ISO EN 9001 since 2013. The total number of students studying at the Centre is 1100, and the number of teaching staff is 90. The training is performed in the workshops and laboratories equipped with up-to-date machinery and tools. All staff at the Centre have gained valuable, first hand experience working in their chosen fields. VSRC has established close networking links with employers and local industry, Vilnius College, Vilnius Gediminas Technical University, which ensure that the courses prepare students for the careers they intend to pursue.<br \/>\nSince 1999 the Centre has been actively involved in different national and European projects and has developed close cooperation with a number of European VET institutions. In 2015 the Centre became one of the 14 VET organisations in Lithuania to be awarded the Erasmus+ Mobility Charter.<\/p>\n<p>&nbsp;<\/p>\n<p><a href=\"https:\/\/www.ckziu1.edu.pl\/\">CENTRUM KSZTA\u0141CENIA USTAWICZNEGO I ZAWODOWEGO NR 1, PL<\/a><\/p>\n<p><img loading=\"lazy\" decoding=\"async\" class=\" wp-image-1228 aligncenter\" src=\"https:\/\/www.ipcic.il.pw.edu.pl\/wp-content\/uploads\/2021\/01\/logo_CKZiU1_wawa_2017.10.15_vv-4.jpg\" alt=\"\" width=\"413\" height=\"413\" srcset=\"https:\/\/www.ipcic.il.pw.edu.pl\/wp-content\/uploads\/2021\/01\/logo_CKZiU1_wawa_2017.10.15_vv-4.jpg 592w, https:\/\/www.ipcic.il.pw.edu.pl\/wp-content\/uploads\/2021\/01\/logo_CKZiU1_wawa_2017.10.15_vv-4-300x300.jpg 300w, https:\/\/www.ipcic.il.pw.edu.pl\/wp-content\/uploads\/2021\/01\/logo_CKZiU1_wawa_2017.10.15_vv-4-150x150.jpg 150w\" sizes=\"auto, (max-width: 413px) 100vw, 413px\" \/><\/p>\n<p>CKZiU No. 1 in Warsaw was created on 1st September 2015 by a resolution of the Council of the Capital City of Warsaw and was formed from the combination of CKU No. 3 and ZS No. 24, including Technikum Budowlane nr 5 (Secondary technical school of construction no 5) in Warsaw, which are institutions with many years of experience in vocational and adult education training in many specialities for youth and adults. Educational activities related to vocational training date back to 1959. CKZiU No. 1 conducts vocational training in youth classes in construction, landscape architecture and renewable energy equipment and systems. The number of students : youth school &#8211; 190 students, schools for adults &#8211; 596 students. The school has a mandate of Central Examination Board to conduct qualification examinations. It is an examination center. There are 58 teachers, including 15 vocational teachers, 2 librarians, 3 pedagogues. CKZiU no. 1 cooperates with the Center of Practical Education in Warsaw.<br \/>\nCKZiU no. 1 in the school year 2017\/2018 is opening new courses of education in the profession of finishing works in construction and sanitary engineering.<br \/>\nAccording to the Statute, CKZiU No 1 implements the following objectives with respect to students of youth schools:<br \/>\n1) creating conditions that enable to develop comprehensively and shape personality<br \/>\n2)enabling the acquisition of knowledge and skills necessary to obtain a certificate of completion and professional qualification<br \/>\n3) shaping pro-social and civic attitudes, respecting dignity and the right to self evaluation<br \/>\n4) ensuring safety during class<br \/>\n5) preparing for a deliberate choice of further education<br \/>\n6) supporting the development of individual interests according to needs and predispositions<br \/>\n7) providing voluntary and unpaid psychological and pedagogical assistance, carrying out preventive programmes for youth CKZiU no 1 activities in relation to youth schools include:<br \/>\n1) providing, developing and improving general and vocational education among youth in school and non-school forms and distance education<br \/>\n2) selecting, developing and implementing curricula that provide the core curriculum of general education and occupational training, achieving educational and pedagogic goals<br \/>\n3) applying forms of work with students appropriate to their needs and abilities and using modern didactic methods<br \/>\n4) seeking innovative and new solutions in didactic and educational work, helping students to choose the forms and directions of<br \/>\neducation with choosing the profession<br \/>\n5) assisting the pupil by developing helpful materials for his \/ her needs by the teacher who facilitates the acquisition of knowledge<br \/>\nand skills in the area of fulfilling the curricula in terms of further education, training and development<br \/>\n6) preparing vocational training courses aimed at increasing the chances on the labour market and working with employers in a particular field<br \/>\n7) collecting scientific and technical information for vocational education and in particular for the courses and forms of trainings provided by CKZiU no 1<br \/>\n8) enriching the educational offer for pupils with specific educational needs<br \/>\n9) cooperating with the local institutions to develop CKZiU no 1<br \/>\n10) preparing the offer of lifelong learning that takes into account the needs and conditions of the local labour market and helps to acquire new professional qualifications.<br \/>\nCKZiU no 1 is a modern educational center open to the needs of society. This institution responds to changes in the labour market. It is a place for every graduate of junior high school who is interested in obtaining a good vocational education. The structure of CKZiU no 1 has been designed so that everyone can find their own educational path.<\/p>\n","protected":false},"excerpt":{"rendered":"<p>Promoter: &nbsp; Polskie Stowarzyszenie Mened\u017cer\u00f3w Budownictwa, PL Polish Association of Building Managers was formed in cooperation with AEEBC and CIOB \u2013 international organizations for the subjects and national European institutions \u2013 in order to educate and certificate the managerial building personnel. PSMB works on the non-profit rule. It does not exercise any privileges or the &hellip; <a href=\"https:\/\/www.ipcic.il.pw.edu.pl\/index.php\/en\/partnership\/\" class=\"more-link\">Continue reading <span class=\"screen-reader-text\">Partnership<\/span> <span class=\"meta-nav\">&rarr;<\/span><\/a><\/p>\n","protected":false},"author":1,"featured_media":0,"parent":0,"menu_order":0,"comment_status":"closed","ping_status":"closed","template":"","meta":{"ngg_post_thumbnail":0,"footnotes":""},"class_list":["post-24","page","type-page","status-publish","hentry"],"_links":{"self":[{"href":"https:\/\/www.ipcic.il.pw.edu.pl\/index.php\/wp-json\/wp\/v2\/pages\/24","targetHints":{"allow":["GET"]}}],"collection":[{"href":"https:\/\/www.ipcic.il.pw.edu.pl\/index.php\/wp-json\/wp\/v2\/pages"}],"about":[{"href":"https:\/\/www.ipcic.il.pw.edu.pl\/index.php\/wp-json\/wp\/v2\/types\/page"}],"author":[{"embeddable":true,"href":"https:\/\/www.ipcic.il.pw.edu.pl\/index.php\/wp-json\/wp\/v2\/users\/1"}],"replies":[{"embeddable":true,"href":"https:\/\/www.ipcic.il.pw.edu.pl\/index.php\/wp-json\/wp\/v2\/comments?post=24"}],"version-history":[{"count":11,"href":"https:\/\/www.ipcic.il.pw.edu.pl\/index.php\/wp-json\/wp\/v2\/pages\/24\/revisions"}],"predecessor-version":[{"id":1743,"href":"https:\/\/www.ipcic.il.pw.edu.pl\/index.php\/wp-json\/wp\/v2\/pages\/24\/revisions\/1743"}],"wp:attachment":[{"href":"https:\/\/www.ipcic.il.pw.edu.pl\/index.php\/wp-json\/wp\/v2\/media?parent=24"}],"curies":[{"name":"wp","href":"https:\/\/api.w.org\/{rel}","templated":true}]}}