{"id":26,"date":"2016-11-22T17:10:34","date_gmt":"2016-11-22T16:10:34","guid":{"rendered":"https:\/\/www.ipcic.il.pw.edu.pl\/?page_id=26"},"modified":"2021-10-05T17:59:41","modified_gmt":"2021-10-05T15:59:41","slug":"partnerstwo","status":"publish","type":"page","link":"https:\/\/www.ipcic.il.pw.edu.pl\/index.php\/pl\/partnerstwo\/","title":{"rendered":"Partnerstwo"},"content":{"rendered":"<p><strong>Promotor:<\/strong><\/p>\r\n<p><a href=\"http:\/\/www.psmb.pl\" target=\"_blank\" rel=\"noopener noreferrer\">Polskie Stowarzyszenie Mened\u017cer\u00f3w Budownictwa, PL<\/a><\/p>\r\n<p><img loading=\"lazy\" decoding=\"async\" class=\"wp-image-1224 aligncenter\" src=\"https:\/\/www.ipcic.il.pw.edu.pl\/wp-content\/uploads\/2021\/01\/PSMB-logotyp_2-1024x485.jpg\" alt=\"\" width=\"465\" height=\"220\" srcset=\"https:\/\/www.ipcic.il.pw.edu.pl\/wp-content\/uploads\/2021\/01\/PSMB-logotyp_2-1024x485.jpg 1024w, https:\/\/www.ipcic.il.pw.edu.pl\/wp-content\/uploads\/2021\/01\/PSMB-logotyp_2-300x142.jpg 300w, https:\/\/www.ipcic.il.pw.edu.pl\/wp-content\/uploads\/2021\/01\/PSMB-logotyp_2-768x364.jpg 768w, https:\/\/www.ipcic.il.pw.edu.pl\/wp-content\/uploads\/2021\/01\/PSMB-logotyp_2-1536x728.jpg 1536w, https:\/\/www.ipcic.il.pw.edu.pl\/wp-content\/uploads\/2021\/01\/PSMB-logotyp_2.jpg 1900w\" sizes=\"auto, (max-width: 465px) 100vw, 465px\" \/><\/p>\r\n<p>PSMB powo\u0142ano we wsp\u00f3\u0142pracy z The Association of European Building Surveyors and Construction Experts (AEEBC) oraz The Chartered Institute of Building (CIOB) \u2013 mi\u0119dzynarodowymi organizacjami zrzeszaj\u0105cymi podmioty i instytucje pa\u0144stw europejskich, w celu kszta\u0142cenia i certyfikacji kwalifikacji mened\u017cerskich kadr budownictwa.<br>PSMB dzia\u0142a na zasadzie non profit nie korzystaj\u0105c z \u017cadnych preferencji, ani ustawowego nakazu przynale\u017cno\u015bci do okre\u015blonych organizacji zawodowych.<br>Merytoryczne podstawy dzia\u0142alno\u015bci Stowarzyszenia opracowano i sformu\u0142owano przy wsparciu \u015brodk\u00f3w unijnych, w celu wyr\u00f3wnania kwalifikacji polskich mened\u017cer\u00f3w budownictwa do standard\u00f3w europejskich oraz przygotowania ich do prowadzenia dzia\u0142alno\u015bci gospodarczej na rynku mi\u0119dzynarodowym.<\/p>\r\n<p>&nbsp;<\/p>\r\n<p><strong>Partnerzy:<\/strong><\/p>\r\n<p><a href=\"https:\/\/www.il.pw.edu.pl\/\" target=\"_blank\" rel=\"noopener noreferrer\">Wydzia\u0142 In\u017cynierii L\u0105dowej Politechnika Warszawska, PL<\/a><\/p>\r\n<p><img loading=\"lazy\" decoding=\"async\" class=\"aligncenter\" src=\"http:\/\/www.arcw.il.pw.edu.pl\/wp-content\/uploads\/2015\/05\/logo_pw.png\" alt=\"\" width=\"198\" height=\"198\"><\/p>\r\n<p>Wydzia\u0142 In\u017cynierii L\u0105dowej powsta\u0142 w 1915 roku jako jeden z trzech najstarszych wydzia\u0142\u00f3w uczelni, ale jego tradycje si\u0119gaj\u0105 pocz\u0105tk\u00f3w XIX wieku. Obecnie mie\u015bci si\u0119 we w\u0142asnym gmachu przy al. Armii Ludowej 16, gdzie znajduje si\u0119 wi\u0119kszo\u015b\u0107 sal wyk\u0142adowych oraz laboratori\u00f3w dydaktycznych i badawczych. W ostatnich latach Wydzia\u0142 przyjmuje rocznie oko\u0142o 300 student\u00f3w na studia stacjonarne i tak\u0105 sam\u0105 liczb\u0119 os\u00f3b na studia niestacjonarne. Og\u00f3lna liczba student\u00f3w na pocz\u0105tku roku akademickiego wynosi\u0142a oko\u0142o 2500.<\/p>\r\n<p>Wydzia\u0142 In\u017cynierii L\u0105dowej oferuje studentom trzy specjalno\u015bci: Konstrukcje Budowlane i In\u017cynierskie, In\u017cynieria Komunikacyjna oraz In\u017cynieria Produkcji Budowlanej. W ramachspecjalizacji dodatkowo oferowane s\u0105 nast\u0119puj\u0105ce kursy dyplomowe: Teoria Konstrukcji oraz Mosty i Budowle Podziemne. Od RA 2008\/9 na studiach stacjonarnych pierwszego stopnia jest tak\u017ce dost\u0119pna specjalno\u015b\u0107 Budownictwo Energooszcz\u0119dne.<\/p>\r\n<p>Wydzia\u0142 zatrudnia ponad 150 pracownik\u00f3w na etatach naukowo-dydaktycznych w tym ponad 20 profesor\u00f3w (z czego wi\u0119kszo\u015b\u0107 z tytu\u0142em naukowym), a tak\u017ce adiunkt\u00f3w ze stopniem doktora habilitowanego oraz adiunkt\u00f3w ze stopniem doktora. Kadr\u0119 Wydzia\u0142u tworzy ponadto grupa ponad 80 os\u00f3b personelu techniczno-administracyjnego.<\/p>\r\n<p>Wydzia\u0142 sk\u0142ada si\u0119 z nast\u0119puj\u0105cych jednostek organizacyjnych: Instytutu Dr\u00f3g i Most\u00f3w oraz Instytutu In\u017cynierii Budowlanej.<\/p>\r\n<p>Wydzia\u0142 wsp\u00f3\u0142pracuje z wieloma uczelniami zagranicznymi, w tym z Uniwersytetem Michigan w Stanach Zjednoczonych, Politechnik\u0105 w Darmstadt, Politechnik\u0105 Gedymina w Wilnie, Moskiewsk\u0105 Akademi\u0105 Budownictwa oraz Akademi\u0105 Budownictwa i Architektury w Dniepropietrowsku, Uniwersytetem w Liege, Uniwersytetem Technicznym (RWTH) w Aachen, Katolickim Uniwersytetem w Leuven, Instytutem Badawczym (IRMA) w Lublianie oraz Instytutem Technologii i Norm (NIST) w Gaithersburgu.<\/p>\r\n<p>&nbsp;<\/p>\r\n<p><a href=\"https:\/\/centroedilepalladio.it\/\">SCUOLA CONSTRUZIONI VICENZA &#8211; Andrea Palladio (SCVAP), IT<\/a><\/p>\r\n<p><img loading=\"lazy\" decoding=\"async\" class=\" wp-image-1229 aligncenter\" src=\"https:\/\/www.ipcic.il.pw.edu.pl\/wp-content\/uploads\/2021\/01\/Logo_SCVAP-1024x441.png\" alt=\"\" width=\"486\" height=\"209\" srcset=\"https:\/\/www.ipcic.il.pw.edu.pl\/wp-content\/uploads\/2021\/01\/Logo_SCVAP-1024x441.png 1024w, https:\/\/www.ipcic.il.pw.edu.pl\/wp-content\/uploads\/2021\/01\/Logo_SCVAP-300x129.png 300w, https:\/\/www.ipcic.il.pw.edu.pl\/wp-content\/uploads\/2021\/01\/Logo_SCVAP-768x331.png 768w, https:\/\/www.ipcic.il.pw.edu.pl\/wp-content\/uploads\/2021\/01\/Logo_SCVAP-1536x662.png 1536w, https:\/\/www.ipcic.il.pw.edu.pl\/wp-content\/uploads\/2021\/01\/Logo_SCVAP-2048x883.png 2048w\" sizes=\"auto, (max-width: 486px) 100vw, 486px\" \/><\/p>\r\n<p>SCUOLA CONSTRUZIONI VICENZA &#8211; Andrea Palladio (SCVAP) to centrum szkolenia zawodowego po\u015bwi\u0119cone bran\u017cy budowlanej, zlokalizowane w dystrykcie Vicenza (p\u00f3\u0142nocny wsch\u00f3d W\u0142och). Zosta\u0142a za\u0142o\u017cona w 1948 roku z inicjatywy Stowarzyszenia Konstruktor\u00f3w Vicenza i cz\u0142onk\u00f3w Handlu Zwi\u0105zki zawodowe w celu wzmocnienia szkolenia zawodowego w sektorze budowlanym jako podstawowego narz\u0119dzia doskonalenia umiej\u0119tno\u015bci technicznych pracownik\u00f3w i doskonalenia ich efektywno\u015b\u0107 i produktywno\u015b\u0107. SCVAP zatrudnia oko\u0142o 40 pracownik\u00f3w, w tym pracownik\u00f3w szkoleniowych, technicznych i administracyjnych w pe\u0142nym wymiarze godzin,<br>umowy na cz\u0119\u015b\u0107 etatu i dorywcze. SCVAP, kt\u00f3ry zapewnia szkolenia dla oko\u0142o 2500 pracownik\u00f3w, praktykant\u00f3w i student\u00f3w rocznie, jest uznawany przez rz\u0105d poziom w regionie Veneto w zakresie kszta\u0142cenia i szkolenia w zakresie uczenia si\u0119 przez ca\u0142e \u017cycie, praktyk zawodowych, szkolnictwa wy\u017cszego, kszta\u0142cenia obowi\u0105zkowego dla m\u0142odzi uczniowie w wieku od 15 do 18 lat oraz kwestie BHP regulowane przez prawo w\u0142oskie dla pracownik\u00f3w budowlanych. SCVAP jest zatem zarejestrowany we w\u0142oskiej sieci certyfikowanych centr\u00f3w szkolenia zawodowego i uznawany przez firm\u0119 Formedil, kt\u00f3ra jest koordynatorem organizacja szkolenia zawodowego w budownictwie dzia\u0142aj\u0105ca na poziomie krajowym. System jako\u015bci SCVAP posiada certyfikat ISO 9001: 2008. SCVAP, kt\u00f3ry ma absolutnie osobliwe tradycje bilateralizmu, dzi\u0119ki ci\u0105g\u0142emu opracowywaniu partner\u00f3w spo\u0142ecznych w uk\u0142ad zbiorowy, kierowany jest przez zarz\u0105d z\u0142o\u017cony z sze\u015bciu cz\u0142onk\u00f3w wybranych na r\u00f3wnych zasadach przez cz\u0119\u015bci spo\u0142eczne reprezentuj\u0105ce pracownik\u00f3w i pracodawc\u00f3w. SCVAP liczy na sie\u0107 personelu technicznego dzia\u0142aj\u0105cego w r\u00f3\u017cnych obszarach prowincji, kt\u00f3re prowadz\u0105 szkolenia dostosowane do potrzeb na ca\u0142ym terytorium i dzi\u0119ki wielofunkcyjnemu podej\u015bciu \u0142\u0105cz\u0105cemu szkolenia analiza potrzeb, projektowanie, wytyczne, monitorowanie i ocena, zapewnia skuteczniejsz\u0105 odpowied\u017a na wymagania rynku pracy. Ponadto SCVAP \u015bci\u015ble wsp\u00f3\u0142pracuje z w\u0142adzami lokalnymi (tj. Gminami), aby u\u0142atwi\u0107 przekwalifikowanie bezrobotnych do ponownie wprowadzony na rynek pracy. SCVAP nawi\u0105za\u0142 silne relacje z innymi o\u015brodkami i organizacjami szkoleniowymi w Europie, maj\u0105c na celu popraw\u0119 swoich szkole\u0144 mo\u017cliwo\u015bci poprzez bezpo\u015brednie do\u015bwiadczenie pracownik\u00f3w w zakresie najlepszych praktyk. Innym wa\u017cnym celem procesu internacjonalizacji jest przyj\u0119cie podej\u015bcia i metodologie, r\u00f3wnie\u017c poprzez opracowywanie innowacyjnych metod nauczania, w celu poprawy jego jako\u015bci i atrakcyjno\u015bci system szkolenia zawodowego, zgodnie z wyzwaniami, jakie nios\u0105 ze sob\u0105 zmiany \u015brodowiskowe i demograficzne oraz w odpowiedzi na szybki wzrost zapotrzebowania na nowe i zaktualizowane umiej\u0119tno\u015bci w zakresie nauki i technologii, kt\u00f3re maj\u0105 g\u0142\u0119boki wp\u0142yw na rynek pracy.<br>Od 2007 roku SCVAP przyjmuje i umieszcza w firmach budowlanych student\u00f3w i praktykant\u00f3w z ca\u0142ej Europy. Podczas tych lat SCVAP go\u015bci\u0142 oko\u0142o 400 sta\u017cyst\u00f3w z r\u00f3\u017cnych europejskich o\u015brodk\u00f3w szkoleniowych i organizuje mobilno\u015b\u0107 dla swoich student\u00f3w oraz personel, kt\u00f3rego g\u0142\u00f3wnym celem jest wdro\u017cenie i podzielenie si\u0119 nowym podej\u015bciem do krajowej kultury budowlanej w\u015br\u00f3d po\u0142\u0105czonych interesariuszy poprzez opracowywanie i testowanie zaawansowanych metodologii i technik budowlanych na obszarze Zielonego Budownictwa za po\u015brednictwem badanie i analiza wybitnych przyk\u0142ad\u00f3w uznanych za najwy\u017cszy poziom w Europie.<\/p>\r\n<p><a href=\"https:\/\/www.erbud.pl\/\">ERBUD SA., PL<\/a><\/p>\r\n<p><img loading=\"lazy\" decoding=\"async\" class=\" wp-image-1226 aligncenter\" src=\"https:\/\/www.ipcic.il.pw.edu.pl\/wp-content\/uploads\/2021\/01\/ERBUD-logo-1024x257.jpg\" alt=\"\" width=\"370\" height=\"93\" srcset=\"https:\/\/www.ipcic.il.pw.edu.pl\/wp-content\/uploads\/2021\/01\/ERBUD-logo-1024x257.jpg 1024w, https:\/\/www.ipcic.il.pw.edu.pl\/wp-content\/uploads\/2021\/01\/ERBUD-logo-300x75.jpg 300w, https:\/\/www.ipcic.il.pw.edu.pl\/wp-content\/uploads\/2021\/01\/ERBUD-logo-768x193.jpg 768w, https:\/\/www.ipcic.il.pw.edu.pl\/wp-content\/uploads\/2021\/01\/ERBUD-logo.jpg 1461w\" sizes=\"auto, (max-width: 370px) 100vw, 370px\" \/><\/p>\r\n<p>Grupa Erbud (firma budowlana) posiada ponad 25-letnie do\u015bwiadczenie w realizacji presti\u017cowych projekt\u00f3w budowlanych. Nasza dzia\u0142alno\u015b\u0107 prowadzona jest w segmentach: budownictwo kubaturowe, drogownictwo, budownictwo przemys\u0142owe, in\u017cynieria techniczna i us\u0142ugi dla energetyki. Grupa dzia\u0142a na rynku polskim oraz w innych krajach UE.<br>Erbud SA realizuje jako g\u0142\u00f3wny wykonawca projekty z zakresu budownictwa komercyjnego, u\u017cyteczno\u015bci publicznej, energetyki, budownictwa mieszkaniowego oraz in\u017cynieria drogowa. Erbud dysponuje kadr\u0105 do\u015bwiadczonych, wysoko wykwalifikowanych in\u017cynier\u00f3w budownictwa i specjalist\u00f3w. Firma spe\u0142nia wymagania ISO i standard\u00f3w jako\u015bci AQAP oraz wprowadza innowacyjne i ekologiczne technologie do realizowanych projekt\u00f3w.<\/p>\r\n<p class=\"qrShPb kno-ecr-pt PZPZlf mfMhoc hNKfZe\" data-dtype=\"d3ifr\" data-local-attribute=\"d3bn\" data-attrid=\"title\" data-ved=\"2ahUKEwjwycjIqrnuAhXIpYsKHScaAb0Q3B0oADAOegQIExAB\"><a href=\"http:\/\/www.vsrc.lt\">Vilniaus statybininku rengimo centras, LT<\/a><\/p>\r\n<p><img loading=\"lazy\" decoding=\"async\" class=\" wp-image-1227 aligncenter\" src=\"https:\/\/www.ipcic.il.pw.edu.pl\/wp-content\/uploads\/2021\/01\/logo_vsrc-1024x624.jpg\" alt=\"\" width=\"417\" height=\"254\" srcset=\"https:\/\/www.ipcic.il.pw.edu.pl\/wp-content\/uploads\/2021\/01\/logo_vsrc-1024x624.jpg 1024w, https:\/\/www.ipcic.il.pw.edu.pl\/wp-content\/uploads\/2021\/01\/logo_vsrc-300x183.jpg 300w, https:\/\/www.ipcic.il.pw.edu.pl\/wp-content\/uploads\/2021\/01\/logo_vsrc-768x468.jpg 768w, https:\/\/www.ipcic.il.pw.edu.pl\/wp-content\/uploads\/2021\/01\/logo_vsrc.jpg 1050w\" sizes=\"auto, (max-width: 417px) 100vw, 417px\" \/><\/p>\r\n<p>Vie\u0161oji \u012fstaiga Vilniaus statybinink\u0173 rengimo centras \/ Wile\u0144skie Centrum Szkolenia Budowniczych (VSRC) jest instytucj\u0105 zawodow\u0105 zapewniaj\u0105c\u0105 kszta\u0142cenie i szkolenie zawodowe m\u0142odzie\u017cy (od 15 roku \u017cycia) i doros\u0142ych (kursy przekwalifikowuj\u0105ce). Powsta\u0142o Centrum w 1946 roku i jest jednym z g\u0142\u00f3wnych dostawc\u00f3w wysokiej jako\u015bci kszta\u0142cenia i szkolenia zawodowego na Litwie. Centrum oferuje r\u00f3\u017cnorodn\u0105 ofert\u0119 kurs\u00f3w i doskona\u0142e zaplecze w g\u0142\u00f3wnym obszarze budownictwa. Obszary studi\u00f3w to: Murarstwo, Stolarka i Stolarstwo, Dekoracja \/ Wyko\u0144czenie, Produkcja mebli, Kszta\u0142towanie krajobrazu, Renowacja \/ renowacja, Elektryk budowlany, Hydraulika, us\u0142ugi zwi\u0105zane z nieruchomo\u015bciami. Centrum jest wiod\u0105c\u0105 instytucj\u0105 na poziomie krajowym w systemie kszta\u0142cenia ustawicznego w sektorze budowlanym. Jego g\u0142\u00f3wne do\u015bwiadczenie to wiedza metodologiczna w zakresie uczenia si\u0119 przez ca\u0142e \u017cycie, rozwijania kwalifikacji i program\u00f3w szkoleniowych. Centrum posiada certyfikat ISO EN 9001 od 2013 roku. \u0141\u0105czna liczba student\u00f3w kszta\u0142c\u0105cych si\u0119 w Centrum wynosi 1100, a liczba kadry dydaktycznej 90. Szkolenie odbywa si\u0119 w pracowniach i laboratoriach wyposa\u017conych w nowoczesny park maszynowy i narz\u0119dziowy. Wszyscy pracownicy Centrum zdobyli warto\u015bciowe z pierwszej r\u0119ki do\u015bwiadczenie w pracy w wybranych przez siebie dziedzinach. VSRC nawi\u0105za\u0142o bliskie kontakty sieciowe z pracodawcami i lokalnym przemys\u0142em, Kolegium Wile\u0144skim, Wile\u0144skim Uniwersytetem Giedymina, kt\u00f3re zapewniaj\u0105, \u017ce kursy przygotowuj\u0105 student\u00f3w do kariery, kt\u00f3r\u0105 zamierzaj\u0105 realizowa\u0107. Od 1999 roku Centrum jest aktywnie zaanga\u017cowane w r\u00f3\u017cne projekty krajowe i europejskie oraz rozwija \u015bcis\u0142\u0105 wsp\u00f3\u0142prac\u0119 z wieloma europejskimi instytucjami VET. W 2015 roku Centrum sta\u0142o si\u0119 jedn\u0105 z 14 nagrodzonych organizacji VET na Litwie Karta Mobilno\u015bci Erasmus +.<\/p>\r\n<p>&nbsp;<\/p>\r\n<p><a href=\"https:\/\/www.ckziu1.edu.pl\/\">CENTRUM KSZTA\u0141CENIA USTAWICZNEGO I ZAWODOWEGO NR 1, PL<\/a><\/p>\r\n<p><img loading=\"lazy\" decoding=\"async\" class=\" wp-image-1228 aligncenter\" src=\"https:\/\/www.ipcic.il.pw.edu.pl\/wp-content\/uploads\/2021\/01\/logo_CKZiU1_wawa_2017.10.15_vv-4.jpg\" alt=\"\" width=\"413\" height=\"413\" srcset=\"https:\/\/www.ipcic.il.pw.edu.pl\/wp-content\/uploads\/2021\/01\/logo_CKZiU1_wawa_2017.10.15_vv-4.jpg 592w, https:\/\/www.ipcic.il.pw.edu.pl\/wp-content\/uploads\/2021\/01\/logo_CKZiU1_wawa_2017.10.15_vv-4-300x300.jpg 300w, https:\/\/www.ipcic.il.pw.edu.pl\/wp-content\/uploads\/2021\/01\/logo_CKZiU1_wawa_2017.10.15_vv-4-150x150.jpg 150w\" sizes=\"auto, (max-width: 413px) 100vw, 413px\" \/><\/p>\r\n<p>Plac\u00f3wka jest nowoczesnym centrum edukacyjnym otwartym na potrzeby spo\u0142ecze\u0144stwa i zmieniaj\u0105cego si\u0119 rynku pracy. Struktura plac\u00f3wki zosta\u0142a tak pomy\u015blana, \u017ceby ka\u017cdy m\u00f3g\u0142 wybra\u0107 w\u0142asn\u0105 \u015bcie\u017ck\u0119 edukacyjn\u0105. Centrum Kszta\u0142cenia Zawodowego i Ustawicznego nr 1 jest obj\u0119te patronatem naukowym Wojskowej Akademii Technicznej co umo\u017cliwia korzystanie z bazy dydaktyczno-naukowej tej uczelni. Wsp\u00f3\u0142praca z SGGW pozwala na rozwijanie i doskonalenie umiej\u0119tno\u015bci zawodowych uczni\u00f3w kszta\u0142c\u0105cych si\u0119 w zawodzie technik architektury krajobrazu. Wsp\u00f3\u0142pracuj\u0105cy ze szko\u0142\u0105 pracodawcy organizuj\u0105 zaj\u0119cia warsztatowe lub pokazy, zapewniaj\u0105 m\u0142odzie\u017cy dost\u0119p do nowych technologii i mo\u017cliwo\u015b\u0107 uzyskania certyfikat\u00f3w potwierdzaj\u0105cych nabyte umiej\u0119tno\u015bci specjalistyczne.<\/p>\r\n<p>&nbsp;M\u0142odzie\u017c po uko\u0144czeniu szko\u0142y podstawowej (lub gimnazjum) mo\u017ce wybra\u0107 technikum i kszta\u0142ci\u0107 si\u0119 w zawodach: technik budownictwa, technik rob\u00f3t wyko\u0144czeniowych w budownictwie, technik architektury krajobrazu, technik urz\u0105dze\u0144 i system\u00f3w energetyki odnawialnej lub w bran\u017cow\u0105 szko\u0142\u0119 I stopnia kszta\u0142c\u0105c\u0105 w zawodach: monter zabudowy i rob\u00f3t wyko\u0144czeniowych w budownictwie, monter sieci i instalacji sanitarnych. Nauka odbywa si\u0119 w systemie dziennym w godzinach porannych.<\/p>\r\n<p>Osoby doros\u0142e mog\u0105 uczy\u0107 si\u0119 w formie stacjonarnej albo zaocznej, w szkole podstawowej (klasa VII i VIII), w liceum og\u00f3lnokszta\u0142c\u0105cym lub na kwalifikacyjnych kursach zawodowych. Uko\u0144czenie wymaganych kurs\u00f3w, zdanie egzamin\u00f3w potwierdzaj\u0105cych kwalifikacje w zawodzie i zdobycie \u015bredniego wykszta\u0142cenia pozwala uzyska\u0107 dyplom technika w zawodach: technik budownictwa, technik us\u0142ug fryzjerskich, technik architektury krajobrazu i w innych zgodnie z zapotrzebowaniem i mo\u017cliwo\u015bciami plac\u00f3wki. Absolwenci szk\u00f3\u0142 \u015brednich mog\u0105 przyst\u0105pi\u0107 do egzaminu maturalnego lub kontynuowa\u0107 nauk\u0119 w szkole policealnej w zawodach technik ochrony fizycznej os\u00f3b i mienia, technik bhp.<\/p>\r\n<p>&nbsp;<\/p>\r\n\r\n<p>&nbsp;<\/p>\r\n","protected":false},"excerpt":{"rendered":"<p>Promotor: Polskie Stowarzyszenie Mened\u017cer\u00f3w Budownictwa, PL PSMB powo\u0142ano we wsp\u00f3\u0142pracy z The Association of European Building Surveyors and Construction Experts (AEEBC) oraz The Chartered Institute of Building (CIOB) \u2013 mi\u0119dzynarodowymi organizacjami zrzeszaj\u0105cymi podmioty i instytucje pa\u0144stw europejskich, w celu kszta\u0142cenia i certyfikacji kwalifikacji mened\u017cerskich kadr budownictwa.PSMB dzia\u0142a na zasadzie non profit nie korzystaj\u0105c z \u017cadnych &hellip; <a href=\"https:\/\/www.ipcic.il.pw.edu.pl\/index.php\/pl\/partnerstwo\/\" class=\"more-link\">Continue reading <span class=\"screen-reader-text\">Partnerstwo<\/span> <span class=\"meta-nav\">&rarr;<\/span><\/a><\/p>\n","protected":false},"author":1,"featured_media":0,"parent":0,"menu_order":0,"comment_status":"closed","ping_status":"closed","template":"","meta":{"ngg_post_thumbnail":0,"footnotes":""},"class_list":["post-26","page","type-page","status-publish","hentry"],"_links":{"self":[{"href":"https:\/\/www.ipcic.il.pw.edu.pl\/index.php\/wp-json\/wp\/v2\/pages\/26","targetHints":{"allow":["GET"]}}],"collection":[{"href":"https:\/\/www.ipcic.il.pw.edu.pl\/index.php\/wp-json\/wp\/v2\/pages"}],"about":[{"href":"https:\/\/www.ipcic.il.pw.edu.pl\/index.php\/wp-json\/wp\/v2\/types\/page"}],"author":[{"embeddable":true,"href":"https:\/\/www.ipcic.il.pw.edu.pl\/index.php\/wp-json\/wp\/v2\/users\/1"}],"replies":[{"embeddable":true,"href":"https:\/\/www.ipcic.il.pw.edu.pl\/index.php\/wp-json\/wp\/v2\/comments?post=26"}],"version-history":[{"count":11,"href":"https:\/\/www.ipcic.il.pw.edu.pl\/index.php\/wp-json\/wp\/v2\/pages\/26\/revisions"}],"predecessor-version":[{"id":1742,"href":"https:\/\/www.ipcic.il.pw.edu.pl\/index.php\/wp-json\/wp\/v2\/pages\/26\/revisions\/1742"}],"wp:attachment":[{"href":"https:\/\/www.ipcic.il.pw.edu.pl\/index.php\/wp-json\/wp\/v2\/media?parent=26"}],"curies":[{"name":"wp","href":"https:\/\/api.w.org\/{rel}","templated":true}]}}